{"id":19,"date":"2023-07-18T10:42:33","date_gmt":"2023-07-18T08:42:33","guid":{"rendered":"https:\/\/apartamentosoasisdelaspalmeras.com\/?page_id=19"},"modified":"2024-03-22T17:20:14","modified_gmt":"2024-03-22T16:20:14","slug":"contacto","status":"publish","type":"page","link":"https:\/\/apartamentosoasisdelaspalmeras.com\/en\/contacto\/","title":{"rendered":"CONTACTO"},"content":{"rendered":"<div id=\"fws_69e17b328f1cf\"  data-column-margin=\"default\" data-midnight=\"dark\"  class=\"wpb_row vc_row-fluid vc_row full-width-content vc_row-o-equal-height vc_row-flex vc_row-o-content-top\"  style=\"padding-top: 0px; padding-bottom: 0px; \"><div class=\"row-bg-wrap\" data-bg-animation=\"none\" data-bg-animation-delay=\"\" data-bg-overlay=\"false\"><div class=\"inner-wrap row-bg-layer\" ><div class=\"row-bg viewport-desktop using-bg-color\"  style=\"background-color: #ffffff; \"><\/div><\/div><\/div><div class=\"row_col_wrap_12 col span_12 dark left\">\n\t<div  class=\"vc_col-sm-6 wpb_column column_container vc_column_container col no-extra-padding inherit_tablet inherit_phone\"  data-padding-pos=\"all\" data-has-bg-color=\"false\" data-bg-color=\"\" data-bg-opacity=\"1\" data-animation=\"\" data-delay=\"0\" >\n\t\t<div class=\"vc_column-inner\" >\n\t\t\t<div class=\"wpb_wrapper\">\n\t\t\t\t<div class=\"img-with-aniamtion-wrap\" data-max-width=\"100%\" data-max-width-mobile=\"default\" data-shadow=\"none\" data-animation=\"none\" >\n      <div class=\"inner\">\n        <div class=\"hover-wrap\"> \n          <div class=\"hover-wrap-inner\">\n            <img loading=\"lazy\" decoding=\"async\" class=\"img-with-animation skip-lazy\" data-delay=\"0\" height=\"681\" width=\"1024\" data-animation=\"none\" src=\"https:\/\/apartamentosoasisdelaspalmeras.com\/wp-content\/uploads\/2023\/10\/WhatsApp-Image-2023-10-08-at-13.58.35-3.jpeg\" alt=\"\" srcset=\"https:\/\/apartamentosoasisdelaspalmeras.com\/wp-content\/uploads\/2023\/10\/WhatsApp-Image-2023-10-08-at-13.58.35-3.jpeg 1024w, https:\/\/apartamentosoasisdelaspalmeras.com\/wp-content\/uploads\/2023\/10\/WhatsApp-Image-2023-10-08-at-13.58.35-3-300x200.jpeg 300w, https:\/\/apartamentosoasisdelaspalmeras.com\/wp-content\/uploads\/2023\/10\/WhatsApp-Image-2023-10-08-at-13.58.35-3-768x511.jpeg 768w, https:\/\/apartamentosoasisdelaspalmeras.com\/wp-content\/uploads\/2023\/10\/WhatsApp-Image-2023-10-08-at-13.58.35-3-18x12.jpeg 18w, https:\/\/apartamentosoasisdelaspalmeras.com\/wp-content\/uploads\/2023\/10\/WhatsApp-Image-2023-10-08-at-13.58.35-3-900x600.jpeg 900w\" sizes=\"auto, (max-width: 1024px) 100vw, 1024px\" \/>\n          <\/div>\n        <\/div>\n      <\/div>\n    <\/div>\n\t\t\t<\/div> \n\t\t<\/div>\n\t<\/div> \n\n\t<div  class=\"vc_col-sm-6 wpb_column column_container vc_column_container col padding-7-percent inherit_tablet inherit_phone\"  data-padding-pos=\"all\" data-has-bg-color=\"false\" data-bg-color=\"\" data-bg-opacity=\"1\" data-animation=\"\" data-delay=\"0\" >\n\t\t<div class=\"vc_column-inner\" >\n\t\t\t<div class=\"wpb_wrapper\">\n\t\t\t\t\n<div class=\"wpb_text_column wpb_content_element\" >\n\t<div class=\"wpb_wrapper\">\n\t\t<h3>Contacto<\/h3>\n<p>Para cualquier informaci\u00f3n escribenos a nuestro email:<\/p>\n<h5>oasislaspalmeras@gmail.com<\/h5>\n<h5>Avenida Pedro L\u00f3pez Meca 148, 30877<\/h5>\n<p>Bolnuevo, Mazarr\u00f3n<\/p>\n<h5><\/h5>\n\t<\/div>\n<\/div>\n\n\n\n\n\t\t\t<\/div> \n\t\t<\/div>\n\t<\/div> \n<\/div><\/div>","protected":false},"excerpt":{"rendered":"Contacto Para cualquier informaci\u00f3n escribenos a nuestro email: oasislaspalmeras@gmail.com Avenida Pedro L\u00f3pez Meca 148, 30877 Bolnuevo, Mazarr\u00f3n","protected":false},"author":2,"featured_media":0,"parent":0,"menu_order":0,"comment_status":"closed","ping_status":"closed","template":"","meta":{"_monsterinsights_skip_tracking":false,"_monsterinsights_sitenote_active":false,"_monsterinsights_sitenote_note":"","_monsterinsights_sitenote_category":0,"footnotes":""},"class_list":["post-19","page","type-page","status-publish"],"yoast_head":"<!-- This site is optimized with the Yoast SEO plugin v27.4 - https:\/\/yoast.com\/product\/yoast-seo-wordpress\/ -->\n<title>CONTACTO - Apartamentos en Bolnuevo, Oasis de las Palmeras<\/title>\n<meta name=\"robots\" content=\"index, follow, max-snippet:-1, max-image-preview:large, max-video-preview:-1\" \/>\n<link rel=\"canonical\" href=\"https:\/\/apartamentosoasisdelaspalmeras.com\/en\/contacto\/\" \/>\n<meta property=\"og:locale\" content=\"en_GB\" \/>\n<meta property=\"og:type\" content=\"article\" \/>\n<meta property=\"og:title\" content=\"CONTACTO - Apartamentos en Bolnuevo, Oasis de las Palmeras\" \/>\n<meta property=\"og:url\" content=\"https:\/\/apartamentosoasisdelaspalmeras.com\/en\/contacto\/\" \/>\n<meta property=\"og:site_name\" content=\"Apartamentos en Bolnuevo, Oasis de las Palmeras\" \/>\n<meta property=\"article:modified_time\" content=\"2024-03-22T16:20:14+00:00\" \/>\n<meta name=\"twitter:card\" content=\"summary_large_image\" \/>\n<meta name=\"twitter:label1\" content=\"Estimated reading time\" \/>\n\t<meta name=\"twitter:data1\" content=\"2 minutes\" \/>\n<script type=\"application\/ld+json\" class=\"yoast-schema-graph\">{\"@context\":\"https:\\\/\\\/schema.org\",\"@graph\":[{\"@type\":\"WebPage\",\"@id\":\"https:\\\/\\\/apartamentosoasisdelaspalmeras.com\\\/contacto\\\/\",\"url\":\"https:\\\/\\\/apartamentosoasisdelaspalmeras.com\\\/contacto\\\/\",\"name\":\"CONTACTO - Apartamentos en Bolnuevo, Oasis de las Palmeras\",\"isPartOf\":{\"@id\":\"https:\\\/\\\/apartamentosoasisdelaspalmeras.com\\\/#website\"},\"datePublished\":\"2023-07-18T08:42:33+00:00\",\"dateModified\":\"2024-03-22T16:20:14+00:00\",\"breadcrumb\":{\"@id\":\"https:\\\/\\\/apartamentosoasisdelaspalmeras.com\\\/contacto\\\/#breadcrumb\"},\"inLanguage\":\"en-GB\",\"potentialAction\":[{\"@type\":\"ReadAction\",\"target\":[\"https:\\\/\\\/apartamentosoasisdelaspalmeras.com\\\/contacto\\\/\"]}]},{\"@type\":\"BreadcrumbList\",\"@id\":\"https:\\\/\\\/apartamentosoasisdelaspalmeras.com\\\/contacto\\\/#breadcrumb\",\"itemListElement\":[{\"@type\":\"ListItem\",\"position\":1,\"name\":\"Inicio\",\"item\":\"https:\\\/\\\/apartamentosoasisdelaspalmeras.com\\\/\"},{\"@type\":\"ListItem\",\"position\":2,\"name\":\"CONTACTO\"}]},{\"@type\":\"WebSite\",\"@id\":\"https:\\\/\\\/apartamentosoasisdelaspalmeras.com\\\/#website\",\"url\":\"https:\\\/\\\/apartamentosoasisdelaspalmeras.com\\\/\",\"name\":\"Apartamentos en Bolnuevo, Oasis de las Palmeras\",\"description\":\"Apartamentos en Bolnuevo, Mazarr&oacute;n en Murcia | Complejo tur&iacute;stico frente al mar con frondosos jardines, piscinas, restaurante, tenis.\",\"potentialAction\":[{\"@type\":\"SearchAction\",\"target\":{\"@type\":\"EntryPoint\",\"urlTemplate\":\"https:\\\/\\\/apartamentosoasisdelaspalmeras.com\\\/?s={search_term_string}\"},\"query-input\":{\"@type\":\"PropertyValueSpecification\",\"valueRequired\":true,\"valueName\":\"search_term_string\"}}],\"inLanguage\":\"en-GB\"}]}<\/script>\n<!-- \/ Yoast SEO plugin. -->","yoast_head_json":{"title":"CONTACTO - Apartamentos en Bolnuevo, Oasis de las Palmeras","robots":{"index":"index","follow":"follow","max-snippet":"max-snippet:-1","max-image-preview":"max-image-preview:large","max-video-preview":"max-video-preview:-1"},"canonical":"https:\/\/apartamentosoasisdelaspalmeras.com\/en\/contacto\/","og_locale":"en_GB","og_type":"article","og_title":"CONTACTO - Apartamentos en Bolnuevo, Oasis de las Palmeras","og_url":"https:\/\/apartamentosoasisdelaspalmeras.com\/en\/contacto\/","og_site_name":"Apartamentos en Bolnuevo, Oasis de las Palmeras","article_modified_time":"2024-03-22T16:20:14+00:00","twitter_card":"summary_large_image","twitter_misc":{"Estimated reading time":"2 minutes"},"schema":{"@context":"https:\/\/schema.org","@graph":[{"@type":"WebPage","@id":"https:\/\/apartamentosoasisdelaspalmeras.com\/contacto\/","url":"https:\/\/apartamentosoasisdelaspalmeras.com\/contacto\/","name":"CONTACTO - Apartamentos en Bolnuevo, Oasis de las Palmeras","isPartOf":{"@id":"https:\/\/apartamentosoasisdelaspalmeras.com\/#website"},"datePublished":"2023-07-18T08:42:33+00:00","dateModified":"2024-03-22T16:20:14+00:00","breadcrumb":{"@id":"https:\/\/apartamentosoasisdelaspalmeras.com\/contacto\/#breadcrumb"},"inLanguage":"en-GB","potentialAction":[{"@type":"ReadAction","target":["https:\/\/apartamentosoasisdelaspalmeras.com\/contacto\/"]}]},{"@type":"BreadcrumbList","@id":"https:\/\/apartamentosoasisdelaspalmeras.com\/contacto\/#breadcrumb","itemListElement":[{"@type":"ListItem","position":1,"name":"Inicio","item":"https:\/\/apartamentosoasisdelaspalmeras.com\/"},{"@type":"ListItem","position":2,"name":"CONTACTO"}]},{"@type":"WebSite","@id":"https:\/\/apartamentosoasisdelaspalmeras.com\/#website","url":"https:\/\/apartamentosoasisdelaspalmeras.com\/","name":"Apartamentos en Bolnuevo, Oasis de las Palmeras","description":"Apartamentos en Bolnuevo, Mazarr&oacute;n en Murcia | Complejo tur&iacute;stico frente al mar con frondosos jardines, piscinas, restaurante, tenis.","potentialAction":[{"@type":"SearchAction","target":{"@type":"EntryPoint","urlTemplate":"https:\/\/apartamentosoasisdelaspalmeras.com\/?s={search_term_string}"},"query-input":{"@type":"PropertyValueSpecification","valueRequired":true,"valueName":"search_term_string"}}],"inLanguage":"en-GB"}]}},"_links":{"self":[{"href":"https:\/\/apartamentosoasisdelaspalmeras.com\/en\/wp-json\/wp\/v2\/pages\/19","targetHints":{"allow":["GET"]}}],"collection":[{"href":"https:\/\/apartamentosoasisdelaspalmeras.com\/en\/wp-json\/wp\/v2\/pages"}],"about":[{"href":"https:\/\/apartamentosoasisdelaspalmeras.com\/en\/wp-json\/wp\/v2\/types\/page"}],"author":[{"embeddable":true,"href":"https:\/\/apartamentosoasisdelaspalmeras.com\/en\/wp-json\/wp\/v2\/users\/2"}],"replies":[{"embeddable":true,"href":"https:\/\/apartamentosoasisdelaspalmeras.com\/en\/wp-json\/wp\/v2\/comments?post=19"}],"version-history":[{"count":3,"href":"https:\/\/apartamentosoasisdelaspalmeras.com\/en\/wp-json\/wp\/v2\/pages\/19\/revisions"}],"predecessor-version":[{"id":482,"href":"https:\/\/apartamentosoasisdelaspalmeras.com\/en\/wp-json\/wp\/v2\/pages\/19\/revisions\/482"}],"wp:attachment":[{"href":"https:\/\/apartamentosoasisdelaspalmeras.com\/en\/wp-json\/wp\/v2\/media?parent=19"}],"curies":[{"name":"wp","href":"https:\/\/api.w.org\/{rel}","templated":true}]}}